{"id":952,"date":"2024-03-19T18:18:20","date_gmt":"2024-03-19T17:18:20","guid":{"rendered":"https:\/\/guiaembarcelona.com\/produto\/casa-mila-la-pedrera\/"},"modified":"2024-03-05T14:13:20","modified_gmt":"2024-03-05T17:13:20","slug":"casa-mila-la-pedrera","status":"publish","type":"product","link":"https:\/\/guiaembarcelona.com\/es\/produto\/casa-mila-la-pedrera\/","title":{"rendered":"Casa Mil\u00e0-La Pedrera"},"content":{"rendered":"<p>A Casa Mil\u00e0, popularmente conhecida como La Pedrera, \u00e9 um edif\u00edcio modernista do arquiteto Antoni Gaud\u00ed que se espelhou nas rochas e algas marinhas para construir esse monumento.<\/p>\n<p>La Pedrera foi constru\u00edda logo ap\u00f3s a entrega da Casa Batll\u00f3, sendo uma das \u00faltimas obras civis constru\u00eddas pelo arquiteto entre 1906 e 1910. Foi um pequeno empreendimento imobili\u00e1rio do casal Pere Mil\u00e0 e Roser Segimon, ambas pessoas endinheiradas e ilustres da cidade.<\/p>\n","protected":false},"excerpt":{"rendered":"<p>A Casa Mil\u00e0, popularmente conhecida como La Pedrera, \u00e9 um edif\u00edcio modernista do arquiteto Antoni Gaud\u00ed que se espelhou nas rochas e algas marinhas para construir esse monumento. La Pedrera foi constru\u00edda logo ap\u00f3s a entrega da Casa Batll\u00f3, sendo uma das \u00faltimas obras civis constru\u00eddas pelo arquiteto entre 1906 e 1910. Foi um pequeno [&hellip;]<\/p>\n","protected":false},"featured_media":811,"template":"","meta":{"_et_pb_use_builder":"","_et_pb_old_content":"","_et_gb_content_width":""},"product_cat":[61],"product_tag":[],"yoast_head":"<!-- This site is optimized with the Yoast SEO plugin v22.2 - https:\/\/yoast.com\/wordpress\/plugins\/seo\/ -->\n<title>Casa Mil\u00e0-La Pedrera | Guia em Barcelona<\/title>\n<meta name=\"robots\" content=\"index, follow, max-snippet:-1, max-image-preview:large, max-video-preview:-1\" \/>\n<link rel=\"canonical\" href=\"https:\/\/guiaembarcelona.com\/es\/produto\/casa-mila-la-pedrera\/\" \/>\n<meta property=\"og:locale\" content=\"es_ES\" \/>\n<meta property=\"og:type\" content=\"article\" \/>\n<meta property=\"og:title\" content=\"Casa Mil\u00e0-La Pedrera | Guia em Barcelona\" \/>\n<meta property=\"og:description\" content=\"A Casa Mil\u00e0, popularmente conhecida como La Pedrera, \u00e9 um edif\u00edcio modernista do arquiteto Antoni Gaud\u00ed que se espelhou nas rochas e algas marinhas para construir esse monumento. La Pedrera foi constru\u00edda logo ap\u00f3s a entrega da Casa Batll\u00f3, sendo uma das \u00faltimas obras civis constru\u00eddas pelo arquiteto entre 1906 e 1910. Foi um pequeno [&hellip;]\" \/>\n<meta property=\"og:url\" content=\"https:\/\/guiaembarcelona.com\/es\/produto\/casa-mila-la-pedrera\/\" \/>\n<meta property=\"og:site_name\" content=\"Guia em Barcelona\" \/>\n<meta property=\"article:modified_time\" content=\"2024-03-05T17:13:20+00:00\" \/>\n<meta property=\"og:image\" content=\"https:\/\/guiaembarcelona.com\/wp-content\/uploads\/2024\/03\/casa-mila-la-pedrera-entrada-guia-em-barcelona.jpg\" \/>\n\t<meta property=\"og:image:width\" content=\"800\" \/>\n\t<meta property=\"og:image:height\" content=\"800\" \/>\n\t<meta property=\"og:image:type\" content=\"image\/jpeg\" \/>\n<meta name=\"twitter:card\" content=\"summary_large_image\" \/>\n<script type=\"application\/ld+json\" class=\"yoast-schema-graph\">{\"@context\":\"https:\/\/schema.org\",\"@graph\":[{\"@type\":\"WebPage\",\"@id\":\"https:\/\/guiaembarcelona.com\/es\/produto\/casa-mila-la-pedrera\/\",\"url\":\"https:\/\/guiaembarcelona.com\/es\/produto\/casa-mila-la-pedrera\/\",\"name\":\"Casa Mil\u00e0-La Pedrera | Guia em Barcelona\",\"isPartOf\":{\"@id\":\"https:\/\/guiaembarcelona.com\/es\/#website\"},\"primaryImageOfPage\":{\"@id\":\"https:\/\/guiaembarcelona.com\/es\/produto\/casa-mila-la-pedrera\/#primaryimage\"},\"image\":{\"@id\":\"https:\/\/guiaembarcelona.com\/es\/produto\/casa-mila-la-pedrera\/#primaryimage\"},\"thumbnailUrl\":\"https:\/\/guiaembarcelona.com\/wp-content\/uploads\/2024\/03\/casa-mila-la-pedrera-entrada-guia-em-barcelona.jpg\",\"datePublished\":\"2024-03-19T17:18:20+00:00\",\"dateModified\":\"2024-03-05T17:13:20+00:00\",\"breadcrumb\":{\"@id\":\"https:\/\/guiaembarcelona.com\/es\/produto\/casa-mila-la-pedrera\/#breadcrumb\"},\"inLanguage\":\"es\",\"potentialAction\":[{\"@type\":\"ReadAction\",\"target\":[\"https:\/\/guiaembarcelona.com\/es\/produto\/casa-mila-la-pedrera\/\"]}]},{\"@type\":\"ImageObject\",\"inLanguage\":\"es\",\"@id\":\"https:\/\/guiaembarcelona.com\/es\/produto\/casa-mila-la-pedrera\/#primaryimage\",\"url\":\"https:\/\/guiaembarcelona.com\/wp-content\/uploads\/2024\/03\/casa-mila-la-pedrera-entrada-guia-em-barcelona.jpg\",\"contentUrl\":\"https:\/\/guiaembarcelona.com\/wp-content\/uploads\/2024\/03\/casa-mila-la-pedrera-entrada-guia-em-barcelona.jpg\",\"width\":800,\"height\":800},{\"@type\":\"BreadcrumbList\",\"@id\":\"https:\/\/guiaembarcelona.com\/es\/produto\/casa-mila-la-pedrera\/#breadcrumb\",\"itemListElement\":[{\"@type\":\"ListItem\",\"position\":1,\"name\":\"In\u00edcio\",\"item\":\"https:\/\/guiaembarcelona.com\/es\/\"},{\"@type\":\"ListItem\",\"position\":2,\"name\":\"Loja\",\"item\":\"https:\/\/guiaembarcelona.com\/en\/shop\/\"},{\"@type\":\"ListItem\",\"position\":3,\"name\":\"Casa Mil\u00e0-La Pedrera\"}]},{\"@type\":\"WebSite\",\"@id\":\"https:\/\/guiaembarcelona.com\/es\/#website\",\"url\":\"https:\/\/guiaembarcelona.com\/es\/\",\"name\":\"Guia em Barcelona\",\"description\":\"Mergulhe na hist\u00f3ria\",\"publisher\":{\"@id\":\"https:\/\/guiaembarcelona.com\/es\/#organization\"},\"potentialAction\":[{\"@type\":\"SearchAction\",\"target\":{\"@type\":\"EntryPoint\",\"urlTemplate\":\"https:\/\/guiaembarcelona.com\/es\/?s={search_term_string}\"},\"query-input\":\"required name=search_term_string\"}],\"inLanguage\":\"es\"},{\"@type\":\"Organization\",\"@id\":\"https:\/\/guiaembarcelona.com\/es\/#organization\",\"name\":\"Guia em Barcelona\",\"url\":\"https:\/\/guiaembarcelona.com\/es\/\",\"logo\":{\"@type\":\"ImageObject\",\"inLanguage\":\"es\",\"@id\":\"https:\/\/guiaembarcelona.com\/es\/#\/schema\/logo\/image\/\",\"url\":\"\",\"contentUrl\":\"\",\"caption\":\"Guia em Barcelona\"},\"image\":{\"@id\":\"https:\/\/guiaembarcelona.com\/es\/#\/schema\/logo\/image\/\"}}]}<\/script>\n<!-- \/ Yoast SEO plugin. -->","yoast_head_json":{"title":"Casa Mil\u00e0-La Pedrera | Guia em Barcelona","robots":{"index":"index","follow":"follow","max-snippet":"max-snippet:-1","max-image-preview":"max-image-preview:large","max-video-preview":"max-video-preview:-1"},"canonical":"https:\/\/guiaembarcelona.com\/es\/produto\/casa-mila-la-pedrera\/","og_locale":"es_ES","og_type":"article","og_title":"Casa Mil\u00e0-La Pedrera | Guia em Barcelona","og_description":"A Casa Mil\u00e0, popularmente conhecida como La Pedrera, \u00e9 um edif\u00edcio modernista do arquiteto Antoni Gaud\u00ed que se espelhou nas rochas e algas marinhas para construir esse monumento. La Pedrera foi constru\u00edda logo ap\u00f3s a entrega da Casa Batll\u00f3, sendo uma das \u00faltimas obras civis constru\u00eddas pelo arquiteto entre 1906 e 1910. Foi um pequeno [&hellip;]","og_url":"https:\/\/guiaembarcelona.com\/es\/produto\/casa-mila-la-pedrera\/","og_site_name":"Guia em Barcelona","article_modified_time":"2024-03-05T17:13:20+00:00","og_image":[{"width":800,"height":800,"url":"https:\/\/guiaembarcelona.com\/wp-content\/uploads\/2024\/03\/casa-mila-la-pedrera-entrada-guia-em-barcelona.jpg","type":"image\/jpeg"}],"twitter_card":"summary_large_image","schema":{"@context":"https:\/\/schema.org","@graph":[{"@type":"WebPage","@id":"https:\/\/guiaembarcelona.com\/es\/produto\/casa-mila-la-pedrera\/","url":"https:\/\/guiaembarcelona.com\/es\/produto\/casa-mila-la-pedrera\/","name":"Casa Mil\u00e0-La Pedrera | Guia em Barcelona","isPartOf":{"@id":"https:\/\/guiaembarcelona.com\/es\/#website"},"primaryImageOfPage":{"@id":"https:\/\/guiaembarcelona.com\/es\/produto\/casa-mila-la-pedrera\/#primaryimage"},"image":{"@id":"https:\/\/guiaembarcelona.com\/es\/produto\/casa-mila-la-pedrera\/#primaryimage"},"thumbnailUrl":"https:\/\/guiaembarcelona.com\/wp-content\/uploads\/2024\/03\/casa-mila-la-pedrera-entrada-guia-em-barcelona.jpg","datePublished":"2024-03-19T17:18:20+00:00","dateModified":"2024-03-05T17:13:20+00:00","breadcrumb":{"@id":"https:\/\/guiaembarcelona.com\/es\/produto\/casa-mila-la-pedrera\/#breadcrumb"},"inLanguage":"es","potentialAction":[{"@type":"ReadAction","target":["https:\/\/guiaembarcelona.com\/es\/produto\/casa-mila-la-pedrera\/"]}]},{"@type":"ImageObject","inLanguage":"es","@id":"https:\/\/guiaembarcelona.com\/es\/produto\/casa-mila-la-pedrera\/#primaryimage","url":"https:\/\/guiaembarcelona.com\/wp-content\/uploads\/2024\/03\/casa-mila-la-pedrera-entrada-guia-em-barcelona.jpg","contentUrl":"https:\/\/guiaembarcelona.com\/wp-content\/uploads\/2024\/03\/casa-mila-la-pedrera-entrada-guia-em-barcelona.jpg","width":800,"height":800},{"@type":"BreadcrumbList","@id":"https:\/\/guiaembarcelona.com\/es\/produto\/casa-mila-la-pedrera\/#breadcrumb","itemListElement":[{"@type":"ListItem","position":1,"name":"In\u00edcio","item":"https:\/\/guiaembarcelona.com\/es\/"},{"@type":"ListItem","position":2,"name":"Loja","item":"https:\/\/guiaembarcelona.com\/en\/shop\/"},{"@type":"ListItem","position":3,"name":"Casa Mil\u00e0-La Pedrera"}]},{"@type":"WebSite","@id":"https:\/\/guiaembarcelona.com\/es\/#website","url":"https:\/\/guiaembarcelona.com\/es\/","name":"Guia em Barcelona","description":"Mergulhe na hist\u00f3ria","publisher":{"@id":"https:\/\/guiaembarcelona.com\/es\/#organization"},"potentialAction":[{"@type":"SearchAction","target":{"@type":"EntryPoint","urlTemplate":"https:\/\/guiaembarcelona.com\/es\/?s={search_term_string}"},"query-input":"required name=search_term_string"}],"inLanguage":"es"},{"@type":"Organization","@id":"https:\/\/guiaembarcelona.com\/es\/#organization","name":"Guia em Barcelona","url":"https:\/\/guiaembarcelona.com\/es\/","logo":{"@type":"ImageObject","inLanguage":"es","@id":"https:\/\/guiaembarcelona.com\/es\/#\/schema\/logo\/image\/","url":"","contentUrl":"","caption":"Guia em Barcelona"},"image":{"@id":"https:\/\/guiaembarcelona.com\/es\/#\/schema\/logo\/image\/"}}]}},"_links":{"self":[{"href":"https:\/\/guiaembarcelona.com\/es\/wp-json\/wp\/v2\/product\/952"}],"collection":[{"href":"https:\/\/guiaembarcelona.com\/es\/wp-json\/wp\/v2\/product"}],"about":[{"href":"https:\/\/guiaembarcelona.com\/es\/wp-json\/wp\/v2\/types\/product"}],"wp:featuredmedia":[{"embeddable":true,"href":"https:\/\/guiaembarcelona.com\/es\/wp-json\/wp\/v2\/media\/811"}],"wp:attachment":[{"href":"https:\/\/guiaembarcelona.com\/es\/wp-json\/wp\/v2\/media?parent=952"}],"wp:term":[{"taxonomy":"product_cat","embeddable":true,"href":"https:\/\/guiaembarcelona.com\/es\/wp-json\/wp\/v2\/product_cat?post=952"},{"taxonomy":"product_tag","embeddable":true,"href":"https:\/\/guiaembarcelona.com\/es\/wp-json\/wp\/v2\/product_tag?post=952"}],"curies":[{"name":"wp","href":"https:\/\/api.w.org\/{rel}","templated":true}]}}