{"id":953,"date":"2024-03-19T18:19:55","date_gmt":"2024-03-19T17:19:55","guid":{"rendered":"https:\/\/guiaembarcelona.com\/produto\/casa-batllo\/"},"modified":"2024-03-05T14:12:55","modified_gmt":"2024-03-05T17:12:55","slug":"casa-batllo","status":"publish","type":"product","link":"https:\/\/guiaembarcelona.com\/es\/produto\/casa-batllo\/","title":{"rendered":"Casa Batll\u00f3"},"content":{"rendered":"<p>A pedido de Josep Batll\u00f3, Gaud\u00ed iniciou as obras da Casa Batll\u00f3 entre 1904 e 1906, onde teve total liberdade criativa para transformar a casa, o que resultou em uma obra-prima de arquitetura modernista inigual\u00e1vel. Ele redesenhou completamente a fachada, reconfigurou o interior e transformou o espa\u00e7o em uma verdadeira obra de arte com sua beleza art\u00edstica, a Casa Batll\u00f3 tamb\u00e9m \u00e9 funcional e muitas vezes \u00e9 vista como precursora das vanguardas arquitet\u00f4nicas do s\u00e9culo XX.<\/p>\n","protected":false},"excerpt":{"rendered":"<p>A pedido de Josep Batll\u00f3, Gaud\u00ed iniciou as obras da Casa Batll\u00f3 entre 1904 e 1906, onde teve total liberdade criativa para transformar a casa, o que resultou em uma obra-prima de arquitetura modernista inigual\u00e1vel. Ele redesenhou completamente a fachada, reconfigurou o interior e transformou o espa\u00e7o em uma verdadeira obra de arte com sua [&hellip;]<\/p>\n","protected":false},"featured_media":807,"template":"","meta":{"_et_pb_use_builder":"","_et_pb_old_content":"","_et_gb_content_width":""},"product_cat":[61],"product_tag":[],"yoast_head":"<!-- This site is optimized with the Yoast SEO plugin v22.2 - https:\/\/yoast.com\/wordpress\/plugins\/seo\/ -->\n<title>Casa Batll\u00f3 | Guia em Barcelona<\/title>\n<meta name=\"robots\" content=\"index, follow, max-snippet:-1, max-image-preview:large, max-video-preview:-1\" \/>\n<link rel=\"canonical\" href=\"https:\/\/guiaembarcelona.com\/es\/produto\/casa-batllo\/\" \/>\n<meta property=\"og:locale\" content=\"es_ES\" \/>\n<meta property=\"og:type\" content=\"article\" \/>\n<meta property=\"og:title\" content=\"Casa Batll\u00f3 | Guia em Barcelona\" \/>\n<meta property=\"og:description\" content=\"A pedido de Josep Batll\u00f3, Gaud\u00ed iniciou as obras da Casa Batll\u00f3 entre 1904 e 1906, onde teve total liberdade criativa para transformar a casa, o que resultou em uma obra-prima de arquitetura modernista inigual\u00e1vel. Ele redesenhou completamente a fachada, reconfigurou o interior e transformou o espa\u00e7o em uma verdadeira obra de arte com sua [&hellip;]\" \/>\n<meta property=\"og:url\" content=\"https:\/\/guiaembarcelona.com\/es\/produto\/casa-batllo\/\" \/>\n<meta property=\"og:site_name\" content=\"Guia em Barcelona\" \/>\n<meta property=\"article:modified_time\" content=\"2024-03-05T17:12:55+00:00\" \/>\n<meta property=\"og:image\" content=\"https:\/\/guiaembarcelona.com\/wp-content\/uploads\/2024\/03\/casa-batllo-entrada-guia-em-barcelona.jpg\" \/>\n\t<meta property=\"og:image:width\" content=\"800\" \/>\n\t<meta property=\"og:image:height\" content=\"800\" \/>\n\t<meta property=\"og:image:type\" content=\"image\/jpeg\" \/>\n<meta name=\"twitter:card\" content=\"summary_large_image\" \/>\n<script type=\"application\/ld+json\" class=\"yoast-schema-graph\">{\"@context\":\"https:\/\/schema.org\",\"@graph\":[{\"@type\":\"WebPage\",\"@id\":\"https:\/\/guiaembarcelona.com\/es\/produto\/casa-batllo\/\",\"url\":\"https:\/\/guiaembarcelona.com\/es\/produto\/casa-batllo\/\",\"name\":\"Casa Batll\u00f3 | Guia em Barcelona\",\"isPartOf\":{\"@id\":\"https:\/\/guiaembarcelona.com\/es\/#website\"},\"primaryImageOfPage\":{\"@id\":\"https:\/\/guiaembarcelona.com\/es\/produto\/casa-batllo\/#primaryimage\"},\"image\":{\"@id\":\"https:\/\/guiaembarcelona.com\/es\/produto\/casa-batllo\/#primaryimage\"},\"thumbnailUrl\":\"https:\/\/guiaembarcelona.com\/wp-content\/uploads\/2024\/03\/casa-batllo-entrada-guia-em-barcelona.jpg\",\"datePublished\":\"2024-03-19T17:19:55+00:00\",\"dateModified\":\"2024-03-05T17:12:55+00:00\",\"breadcrumb\":{\"@id\":\"https:\/\/guiaembarcelona.com\/es\/produto\/casa-batllo\/#breadcrumb\"},\"inLanguage\":\"es\",\"potentialAction\":[{\"@type\":\"ReadAction\",\"target\":[\"https:\/\/guiaembarcelona.com\/es\/produto\/casa-batllo\/\"]}]},{\"@type\":\"ImageObject\",\"inLanguage\":\"es\",\"@id\":\"https:\/\/guiaembarcelona.com\/es\/produto\/casa-batllo\/#primaryimage\",\"url\":\"https:\/\/guiaembarcelona.com\/wp-content\/uploads\/2024\/03\/casa-batllo-entrada-guia-em-barcelona.jpg\",\"contentUrl\":\"https:\/\/guiaembarcelona.com\/wp-content\/uploads\/2024\/03\/casa-batllo-entrada-guia-em-barcelona.jpg\",\"width\":800,\"height\":800},{\"@type\":\"BreadcrumbList\",\"@id\":\"https:\/\/guiaembarcelona.com\/es\/produto\/casa-batllo\/#breadcrumb\",\"itemListElement\":[{\"@type\":\"ListItem\",\"position\":1,\"name\":\"In\u00edcio\",\"item\":\"https:\/\/guiaembarcelona.com\/es\/\"},{\"@type\":\"ListItem\",\"position\":2,\"name\":\"Loja\",\"item\":\"https:\/\/guiaembarcelona.com\/en\/shop\/\"},{\"@type\":\"ListItem\",\"position\":3,\"name\":\"Casa Batll\u00f3\"}]},{\"@type\":\"WebSite\",\"@id\":\"https:\/\/guiaembarcelona.com\/es\/#website\",\"url\":\"https:\/\/guiaembarcelona.com\/es\/\",\"name\":\"Guia em Barcelona\",\"description\":\"Mergulhe na hist\u00f3ria\",\"publisher\":{\"@id\":\"https:\/\/guiaembarcelona.com\/es\/#organization\"},\"potentialAction\":[{\"@type\":\"SearchAction\",\"target\":{\"@type\":\"EntryPoint\",\"urlTemplate\":\"https:\/\/guiaembarcelona.com\/es\/?s={search_term_string}\"},\"query-input\":\"required name=search_term_string\"}],\"inLanguage\":\"es\"},{\"@type\":\"Organization\",\"@id\":\"https:\/\/guiaembarcelona.com\/es\/#organization\",\"name\":\"Guia em Barcelona\",\"url\":\"https:\/\/guiaembarcelona.com\/es\/\",\"logo\":{\"@type\":\"ImageObject\",\"inLanguage\":\"es\",\"@id\":\"https:\/\/guiaembarcelona.com\/es\/#\/schema\/logo\/image\/\",\"url\":\"\",\"contentUrl\":\"\",\"caption\":\"Guia em Barcelona\"},\"image\":{\"@id\":\"https:\/\/guiaembarcelona.com\/es\/#\/schema\/logo\/image\/\"}}]}<\/script>\n<!-- \/ Yoast SEO plugin. -->","yoast_head_json":{"title":"Casa Batll\u00f3 | Guia em Barcelona","robots":{"index":"index","follow":"follow","max-snippet":"max-snippet:-1","max-image-preview":"max-image-preview:large","max-video-preview":"max-video-preview:-1"},"canonical":"https:\/\/guiaembarcelona.com\/es\/produto\/casa-batllo\/","og_locale":"es_ES","og_type":"article","og_title":"Casa Batll\u00f3 | Guia em Barcelona","og_description":"A pedido de Josep Batll\u00f3, Gaud\u00ed iniciou as obras da Casa Batll\u00f3 entre 1904 e 1906, onde teve total liberdade criativa para transformar a casa, o que resultou em uma obra-prima de arquitetura modernista inigual\u00e1vel. Ele redesenhou completamente a fachada, reconfigurou o interior e transformou o espa\u00e7o em uma verdadeira obra de arte com sua [&hellip;]","og_url":"https:\/\/guiaembarcelona.com\/es\/produto\/casa-batllo\/","og_site_name":"Guia em Barcelona","article_modified_time":"2024-03-05T17:12:55+00:00","og_image":[{"width":800,"height":800,"url":"https:\/\/guiaembarcelona.com\/wp-content\/uploads\/2024\/03\/casa-batllo-entrada-guia-em-barcelona.jpg","type":"image\/jpeg"}],"twitter_card":"summary_large_image","schema":{"@context":"https:\/\/schema.org","@graph":[{"@type":"WebPage","@id":"https:\/\/guiaembarcelona.com\/es\/produto\/casa-batllo\/","url":"https:\/\/guiaembarcelona.com\/es\/produto\/casa-batllo\/","name":"Casa Batll\u00f3 | Guia em Barcelona","isPartOf":{"@id":"https:\/\/guiaembarcelona.com\/es\/#website"},"primaryImageOfPage":{"@id":"https:\/\/guiaembarcelona.com\/es\/produto\/casa-batllo\/#primaryimage"},"image":{"@id":"https:\/\/guiaembarcelona.com\/es\/produto\/casa-batllo\/#primaryimage"},"thumbnailUrl":"https:\/\/guiaembarcelona.com\/wp-content\/uploads\/2024\/03\/casa-batllo-entrada-guia-em-barcelona.jpg","datePublished":"2024-03-19T17:19:55+00:00","dateModified":"2024-03-05T17:12:55+00:00","breadcrumb":{"@id":"https:\/\/guiaembarcelona.com\/es\/produto\/casa-batllo\/#breadcrumb"},"inLanguage":"es","potentialAction":[{"@type":"ReadAction","target":["https:\/\/guiaembarcelona.com\/es\/produto\/casa-batllo\/"]}]},{"@type":"ImageObject","inLanguage":"es","@id":"https:\/\/guiaembarcelona.com\/es\/produto\/casa-batllo\/#primaryimage","url":"https:\/\/guiaembarcelona.com\/wp-content\/uploads\/2024\/03\/casa-batllo-entrada-guia-em-barcelona.jpg","contentUrl":"https:\/\/guiaembarcelona.com\/wp-content\/uploads\/2024\/03\/casa-batllo-entrada-guia-em-barcelona.jpg","width":800,"height":800},{"@type":"BreadcrumbList","@id":"https:\/\/guiaembarcelona.com\/es\/produto\/casa-batllo\/#breadcrumb","itemListElement":[{"@type":"ListItem","position":1,"name":"In\u00edcio","item":"https:\/\/guiaembarcelona.com\/es\/"},{"@type":"ListItem","position":2,"name":"Loja","item":"https:\/\/guiaembarcelona.com\/en\/shop\/"},{"@type":"ListItem","position":3,"name":"Casa Batll\u00f3"}]},{"@type":"WebSite","@id":"https:\/\/guiaembarcelona.com\/es\/#website","url":"https:\/\/guiaembarcelona.com\/es\/","name":"Guia em Barcelona","description":"Mergulhe na hist\u00f3ria","publisher":{"@id":"https:\/\/guiaembarcelona.com\/es\/#organization"},"potentialAction":[{"@type":"SearchAction","target":{"@type":"EntryPoint","urlTemplate":"https:\/\/guiaembarcelona.com\/es\/?s={search_term_string}"},"query-input":"required name=search_term_string"}],"inLanguage":"es"},{"@type":"Organization","@id":"https:\/\/guiaembarcelona.com\/es\/#organization","name":"Guia em Barcelona","url":"https:\/\/guiaembarcelona.com\/es\/","logo":{"@type":"ImageObject","inLanguage":"es","@id":"https:\/\/guiaembarcelona.com\/es\/#\/schema\/logo\/image\/","url":"","contentUrl":"","caption":"Guia em Barcelona"},"image":{"@id":"https:\/\/guiaembarcelona.com\/es\/#\/schema\/logo\/image\/"}}]}},"_links":{"self":[{"href":"https:\/\/guiaembarcelona.com\/es\/wp-json\/wp\/v2\/product\/953"}],"collection":[{"href":"https:\/\/guiaembarcelona.com\/es\/wp-json\/wp\/v2\/product"}],"about":[{"href":"https:\/\/guiaembarcelona.com\/es\/wp-json\/wp\/v2\/types\/product"}],"wp:featuredmedia":[{"embeddable":true,"href":"https:\/\/guiaembarcelona.com\/es\/wp-json\/wp\/v2\/media\/807"}],"wp:attachment":[{"href":"https:\/\/guiaembarcelona.com\/es\/wp-json\/wp\/v2\/media?parent=953"}],"wp:term":[{"taxonomy":"product_cat","embeddable":true,"href":"https:\/\/guiaembarcelona.com\/es\/wp-json\/wp\/v2\/product_cat?post=953"},{"taxonomy":"product_tag","embeddable":true,"href":"https:\/\/guiaembarcelona.com\/es\/wp-json\/wp\/v2\/product_tag?post=953"}],"curies":[{"name":"wp","href":"https:\/\/api.w.org\/{rel}","templated":true}]}}